{"id":1797,"date":"2015-01-08T09:22:22","date_gmt":"2015-01-08T09:22:22","guid":{"rendered":"https:\/\/comtal.org\/?page_id=1797"},"modified":"2026-02-23T14:55:42","modified_gmt":"2026-02-23T14:55:42","slug":"asesoria-juridica","status":"publish","type":"page","link":"https:\/\/comtal.org\/es\/que-hacemos\/orientacion-e-insercion-social-y-laboral\/asesoria-juridica\/","title":{"rendered":"ASESOR\u00cdA JUR\u00cdDICA"},"content":{"rendered":"<h2>ASESOR\u00cdA JUR\u00cdDICA<\/p>\n<div class=\"hr hr4\" style='margin:0px 0px 20px 0px !important;'><\/div>\n<\/h2>\n<h2>\u00bfQu\u00e9 nos mueve?<\/p>\n<div class=\"hr hr2\" style='margin:0px !important;'><\/div>\n<\/h2>\n<p>Favorecer la integraci\u00f3n social de las personas defendiendo y d\u00e1ndoles a conocer sus derechos y deberes a partir del asesoramiento en materia de extranjer\u00eda.<\/p>\n<h2>Nuestro compromiso <\/p>\n<div class=\"hr hr2\" style='margin:0px !important;'><\/div>\n<\/h2>\n<p>Atender las consultas relacionadas con asesoramiento jur\u00eddico y extranjer\u00eda y ofrecer un espacio para que las personas sin recursos puedan hacer sus tr\u00e1mites por Internet, resolver sus dudas y estar acompa\u00f1adas para ganar as\u00ed en autonom\u00eda.<\/p>\n<p>Ofrecemos orientaci\u00f3n jur\u00eddica sobre posibles v\u00edas de regularizaci\u00f3n y tramitamos expedientes de extranjer\u00eda, as\u00ed como recursos en v\u00eda administrativa de personas en situaci\u00f3n de especial vulnerabilidad. Tambi\u00e9n acompa\u00f1amos a la persona para que pueda tramitar por s\u00ed misma su solicitud de residencia y le ofrecemos apoyo en los procesos de renovaci\u00f3n documentar\u00eda.<\/p>\n<h2>Qu\u00e8 fem <\/p>\n<div class=\"hr hr2\" style='margin:0px !important;'><\/div>\n<\/h2>\n<ul>\n<li>Asesoramiento en materia de Extranjer\u00eda<\/li>\n<li>Tramitaci\u00f3n residencia y trabajo. Renovaciones<\/li>\n<li>Interposici\u00f3n de recursos en v\u00eda administrativa.<\/li>\n<\/ul>\n<h2>Con el apoyo de: <\/p>\n<div class=\"hr hr2\" style='margin:0px !important;'><\/div>\n<\/h2>\n<p><a href=\"https:\/\/comtal.org\/wp-content\/uploads\/AJBCN_Sign_Com_Negre_Transparent.png\"><img loading=\"lazy\" decoding=\"async\" class=\"alignnone wp-image-28785\" src=\"https:\/\/comtal.org\/wp-content\/uploads\/AJBCN_Sign_Com_Negre_Transparent-300x77.png\" alt=\"ajuntament barcelona\" width=\"230\" height=\"59\" srcset=\"https:\/\/comtal.org\/wp-content\/uploads\/AJBCN_Sign_Com_Negre_Transparent-300x77.png 300w, https:\/\/comtal.org\/wp-content\/uploads\/AJBCN_Sign_Com_Negre_Transparent-1024x262.png 1024w, https:\/\/comtal.org\/wp-content\/uploads\/AJBCN_Sign_Com_Negre_Transparent-768x197.png 768w, https:\/\/comtal.org\/wp-content\/uploads\/AJBCN_Sign_Com_Negre_Transparent-1536x393.png 1536w, https:\/\/comtal.org\/wp-content\/uploads\/AJBCN_Sign_Com_Negre_Transparent-2048x525.png 2048w, https:\/\/comtal.org\/wp-content\/uploads\/AJBCN_Sign_Com_Negre_Transparent-188x48.png 188w\" sizes=\"auto, (max-width: 230px) 100vw, 230px\" \/><\/a><\/p>\n<p><a href=\"https:\/\/comtal.org\/wp-content\/uploads\/drets_socials_h2-1.png\"><img loading=\"lazy\" decoding=\"async\" class=\"alignnone wp-image-28605 size-medium\" src=\"https:\/\/comtal.org\/wp-content\/uploads\/drets_socials_h2-1-300x53.png\" alt=\"\" width=\"300\" height=\"53\" srcset=\"https:\/\/comtal.org\/wp-content\/uploads\/drets_socials_h2-1-300x53.png 300w, https:\/\/comtal.org\/wp-content\/uploads\/drets_socials_h2-1-768x137.png 768w, https:\/\/comtal.org\/wp-content\/uploads\/drets_socials_h2-1-188x33.png 188w, https:\/\/comtal.org\/wp-content\/uploads\/drets_socials_h2-1.png 821w\" sizes=\"auto, (max-width: 300px) 100vw, 300px\" \/><\/a><\/p>\n","protected":false},"excerpt":{"rendered":"<p>ASESOR\u00cdA JUR\u00cdDICA \u00bfQu\u00e9 nos mueve? Favorecer la integraci\u00f3n social de las personas defendiendo y d\u00e1ndoles a conocer sus derechos y deberes a partir del asesoramiento en materia de extranjer\u00eda. Nuestro [&hellip;]<\/p>\n","protected":false},"author":2,"featured_media":0,"parent":15830,"menu_order":0,"comment_status":"open","ping_status":"closed","template":"page-sidebar-left.php","meta":{"footnotes":""},"class_list":["post-1797","page","type-page","status-publish","hentry"],"_links":{"self":[{"href":"https:\/\/comtal.org\/es\/wp-json\/wp\/v2\/pages\/1797","targetHints":{"allow":["GET"]}}],"collection":[{"href":"https:\/\/comtal.org\/es\/wp-json\/wp\/v2\/pages"}],"about":[{"href":"https:\/\/comtal.org\/es\/wp-json\/wp\/v2\/types\/page"}],"author":[{"embeddable":true,"href":"https:\/\/comtal.org\/es\/wp-json\/wp\/v2\/users\/2"}],"replies":[{"embeddable":true,"href":"https:\/\/comtal.org\/es\/wp-json\/wp\/v2\/comments?post=1797"}],"version-history":[{"count":12,"href":"https:\/\/comtal.org\/es\/wp-json\/wp\/v2\/pages\/1797\/revisions"}],"predecessor-version":[{"id":28824,"href":"https:\/\/comtal.org\/es\/wp-json\/wp\/v2\/pages\/1797\/revisions\/28824"}],"up":[{"embeddable":true,"href":"https:\/\/comtal.org\/es\/wp-json\/wp\/v2\/pages\/15830"}],"wp:attachment":[{"href":"https:\/\/comtal.org\/es\/wp-json\/wp\/v2\/media?parent=1797"}],"curies":[{"name":"wp","href":"https:\/\/api.w.org\/{rel}","templated":true}]}}