{"id":1762,"date":"2015-01-07T19:24:56","date_gmt":"2015-01-07T19:24:56","guid":{"rendered":"https:\/\/comtal.org\/?page_id=1762"},"modified":"2025-05-29T11:13:56","modified_gmt":"2025-05-29T11:13:56","slug":"centro-abierto-tria","status":"publish","type":"page","link":"https:\/\/comtal.org\/es\/centro-abierto-tria\/","title":{"rendered":"CENTRO ABIERTO TRIA"},"content":{"rendered":"<h2>CENTRO ABIERTO TRIA<\/p>\n<div class=\"hr hr4\" style='margin:0px 0px 20px 0px !important;'><\/div>\n<\/h2>\n<p><span class=\"responsive\"><img loading=\"lazy\" decoding=\"async\" class=\"aligncenter wp-image-18667 size-full\" src=\"https:\/\/comtal.org\/wp-content\/uploads\/FC-2018-10-18-23-1-e1596008389433.jpg\" alt=\"\" width=\"1763\" height=\"997\" srcset=\"https:\/\/comtal.org\/wp-content\/uploads\/FC-2018-10-18-23-1-e1596008389433.jpg 1763w, https:\/\/comtal.org\/wp-content\/uploads\/FC-2018-10-18-23-1-e1596008389433-300x170.jpg 300w, https:\/\/comtal.org\/wp-content\/uploads\/FC-2018-10-18-23-1-e1596008389433-768x434.jpg 768w, https:\/\/comtal.org\/wp-content\/uploads\/FC-2018-10-18-23-1-e1596008389433-1024x579.jpg 1024w, https:\/\/comtal.org\/wp-content\/uploads\/FC-2018-10-18-23-1-e1596008389433-188x106.jpg 188w\" sizes=\"auto, (max-width: 1763px) 100vw, 1763px\" \/><\/span><\/p>\n<h2>\u00bfQu\u00e9 nos mueve?<\/p>\n<div class=\"hr hr2\" style='margin:0px !important;'><\/div>\n<\/h2>\n<p>En Catalu\u00f1a uno de cada cuatro ni\u00f1os\/as viven bajo el l\u00edmite de la pobreza. Un dato que ellos todav\u00eda no pueden comprender, pero con el que conviven porqu\u00e9 a sus padres cada d\u00eda les cuesta m\u00e1s pagar el alquiler del piso d\u00f3nde viven, encontrar trabajo y comprar productos comestibles saludables que les ayuden a crecer.<\/p>\n<h2>Nuestro compromiso, \u00bfqu\u00e9 hacemos?<\/p>\n<div class=\"hr hr2\" style='margin:0px !important;'><\/div>\n<\/h2>\n<p>Para dar respuesta a \u00e9stas y a otras necesidades de los ni\u00f1os\/as y j\u00f3venes de 3 a 18 a\u00f1os, les acogemos cada tarde, cuando termina la escuela, y les ayudamos a crecer a trav\u00e9s de la educaci\u00f3n en el tiempo libre haciendo juegos, talleres, deporte, salidas, y dinamicas l\u00fadicas y educativas; y a trav\u00e9s del refuerzo educativo garantizamos el acceso y acompa\u00f1amiento a la educaci\u00f3n en igualdad de condiciones y oportunidades.<\/p>\n<h2>\n<div class=\"hr hr2\" style='margin:0px !important;'><\/div>\n<\/h2>\n<p>Con el apoyo de:<\/p>\n<p><span class=\"responsive\"><a href=\"https:\/\/comtal.org\/wp-content\/uploads\/logo-1.jpg\"><img loading=\"lazy\" decoding=\"async\" class=\"alignnone wp-image-28446 size-full\" src=\"https:\/\/comtal.org\/wp-content\/uploads\/logo-1.jpg\" alt=\"logos \" width=\"743\" height=\"64\" srcset=\"https:\/\/comtal.org\/wp-content\/uploads\/logo-1.jpg 743w, https:\/\/comtal.org\/wp-content\/uploads\/logo-1-300x26.jpg 300w, https:\/\/comtal.org\/wp-content\/uploads\/logo-1-188x16.jpg 188w\" sizes=\"auto, (max-width: 743px) 100vw, 743px\" \/><\/a><\/span><\/p>\n","protected":false},"excerpt":{"rendered":"<p>CENTRO ABIERTO TRIA \u00bfQu\u00e9 nos mueve? En Catalu\u00f1a uno de cada cuatro ni\u00f1os\/as viven bajo el l\u00edmite de la pobreza. Un dato que ellos todav\u00eda no pueden comprender, pero con [&hellip;]<\/p>\n","protected":false},"author":2,"featured_media":0,"parent":0,"menu_order":0,"comment_status":"open","ping_status":"closed","template":"page-sidebar-left.php","meta":{"footnotes":""},"class_list":["post-1762","page","type-page","status-publish","hentry"],"_links":{"self":[{"href":"https:\/\/comtal.org\/es\/wp-json\/wp\/v2\/pages\/1762","targetHints":{"allow":["GET"]}}],"collection":[{"href":"https:\/\/comtal.org\/es\/wp-json\/wp\/v2\/pages"}],"about":[{"href":"https:\/\/comtal.org\/es\/wp-json\/wp\/v2\/types\/page"}],"author":[{"embeddable":true,"href":"https:\/\/comtal.org\/es\/wp-json\/wp\/v2\/users\/2"}],"replies":[{"embeddable":true,"href":"https:\/\/comtal.org\/es\/wp-json\/wp\/v2\/comments?post=1762"}],"version-history":[{"count":18,"href":"https:\/\/comtal.org\/es\/wp-json\/wp\/v2\/pages\/1762\/revisions"}],"predecessor-version":[{"id":28450,"href":"https:\/\/comtal.org\/es\/wp-json\/wp\/v2\/pages\/1762\/revisions\/28450"}],"wp:attachment":[{"href":"https:\/\/comtal.org\/es\/wp-json\/wp\/v2\/media?parent=1762"}],"curies":[{"name":"wp","href":"https:\/\/api.w.org\/{rel}","templated":true}]}}