{"id":1714,"date":"2015-01-07T17:52:23","date_gmt":"2015-01-07T17:52:23","guid":{"rendered":"https:\/\/comtal.org\/?page_id=1714"},"modified":"2023-06-19T14:39:13","modified_gmt":"2023-06-19T14:39:13","slug":"quienes-somos","status":"publish","type":"page","link":"https:\/\/comtal.org\/es\/quienes-somos\/","title":{"rendered":"\u00bfQUI\u00c9NES SOMOS?"},"content":{"rendered":"<h2>\u00bfQUI\u00c9NES SOMOS?<\/p>\n<div class=\"hr hr4\" style='margin:0px 0px 20px 0px !important;'><\/div>\n<\/h2>\n<h2>La Fundaci\u00f3 Comtal es una organizaci\u00f3n no lucrativa que trabaja, desde el a\u00f1o 1994, para que los ni\u00f1os, adolescentes y j\u00f3venes en situaci\u00f3n de vulnerabilidad, as\u00ed como sus familias, tengan oportunidades de futuro.<\/h2>\n<p><a name=\"missio\"><\/a><\/p>\n<h2>MISI\u00d3N Y VISI\u00d3N<\/p>\n<div class=\"hr hr4\" style='margin:0px 0px 20px 0px !important;'><\/div>\n<\/h2>\n<p>La educaci\u00f3n y la inserci\u00f3n social de ni\u00f1os, adolescentes y j\u00f3venes en situaci\u00f3n de riesgo social.<br \/>\nQueremos ser un referente en la intervenci\u00f3n social y educativa en el barrio del Casc Antic de Barcelona. La clave del \u00e9xito es continuar anticip\u00e1ndonos a los cambios, y mantener el compromiso para mejorar la calidad de vida de las personas m\u00e1s desfavorecidas.<\/p>\n<h2>NUESTROS PRINCIPIOS EDUCATIVOS<\/p>\n<div class=\"hr hr4\" style='margin:0px 0px 20px 0px !important;'><\/div>\n<\/h2>\n<p>1. Acoger a los ni\u00f1os, adolescentes y j\u00f3venes y acompa\u00f1arlos en su proceso de crecimiento y la etapa de formaci\u00f3n.<br \/>\n2. Reforzar las capacidades de las personas y hacer posible su integraci\u00f3n social y laboral a trav\u00e9s del refuerzo continuado.<br \/>\n3. Fomentar la participaci\u00f3n cr\u00edtica y activa en la vida social y cultural.<\/p>\n<p>Fieles a nuestros or\u00edgenes lasalianos, incorporamos las l\u00edneas maestras de la visi\u00f3n de La Salle Catalunya, velando para que el ni\u00f1o y el joven sean el centro de su propio proceso educativo, desarrollando el aprendizaje cooperativo y ofreciendo una especial atenci\u00f3n a la diversidad.<\/p>\n<h2>NUESTROS VALORES <\/p>\n<div class=\"hr hr4\" style='margin:0px 0px 20px 0px !important;'><\/div>\n<\/h2>\n<p><strong>TRANSFORMACI\u00d3N<br \/>\n<\/strong>Somos agentes reales de cambio social mediante intervenciones transversales concebidas desde la excelencia.<\/p>\n<p><span class=\"responsive\"><a href=\"https:\/\/comtal.org\/wp-content\/uploads\/thumbnail_image_6487327-1.jpg\"><img loading=\"lazy\" decoding=\"async\" class=\"alignnone wp-image-26295 size-large\" src=\"https:\/\/comtal.org\/wp-content\/uploads\/thumbnail_image_6487327-1-1024x768.jpg\" alt=\"transformaci\u00f3\" width=\"960\" height=\"720\" srcset=\"https:\/\/comtal.org\/wp-content\/uploads\/thumbnail_image_6487327-1-1024x768.jpg 1024w, https:\/\/comtal.org\/wp-content\/uploads\/thumbnail_image_6487327-1-300x225.jpg 300w, https:\/\/comtal.org\/wp-content\/uploads\/thumbnail_image_6487327-1-768x576.jpg 768w, https:\/\/comtal.org\/wp-content\/uploads\/thumbnail_image_6487327-1-1536x1152.jpg 1536w, https:\/\/comtal.org\/wp-content\/uploads\/thumbnail_image_6487327-1-2048x1536.jpg 2048w, https:\/\/comtal.org\/wp-content\/uploads\/thumbnail_image_6487327-1-172x129.jpg 172w\" sizes=\"auto, (max-width: 960px) 100vw, 960px\" \/><\/a><\/span><\/p>\n<p><strong>COMPROMISO<br \/>\n<\/strong>Estamos implicados\/as de manera firme en una causa que nos mueve y que nos obliga a estar atentos\/as a las necesidades reales de la gente de nuestra comunidad participando de manera cercana y activa.<strong><br \/>\n<\/strong><\/p>\n<p><span class=\"responsive\"><img loading=\"lazy\" decoding=\"async\" class=\"aligncenter size-full wp-image-16864\" src=\"https:\/\/comtal.org\/wp-content\/uploads\/COMPROMISO.jpg\" alt=\"\" width=\"1920\" height=\"1080\" srcset=\"https:\/\/comtal.org\/wp-content\/uploads\/COMPROMISO.jpg 1920w, https:\/\/comtal.org\/wp-content\/uploads\/COMPROMISO-300x169.jpg 300w, https:\/\/comtal.org\/wp-content\/uploads\/COMPROMISO-768x432.jpg 768w, https:\/\/comtal.org\/wp-content\/uploads\/COMPROMISO-1024x576.jpg 1024w, https:\/\/comtal.org\/wp-content\/uploads\/COMPROMISO-188x106.jpg 188w\" sizes=\"auto, (max-width: 1920px) 100vw, 1920px\" \/><\/span><\/p>\n<p><strong>TRASCENDENCIA<br \/>\n<\/strong>Aportamos sentido e ilusi\u00f3n para construir proyectos de vida, partiendo del conjunto de valores, ideas y creencias que cada persona tiene en su interior y que va descubriendo a lo largo de la vida.<strong><br \/>\n<\/strong><\/p>\n<p><span class=\"responsive\"><img loading=\"lazy\" decoding=\"async\" class=\"aligncenter size-full wp-image-16865\" src=\"https:\/\/comtal.org\/wp-content\/uploads\/TRANSCENDENCIA.jpg\" alt=\"\" width=\"2048\" height=\"1365\" srcset=\"https:\/\/comtal.org\/wp-content\/uploads\/TRANSCENDENCIA.jpg 2048w, https:\/\/comtal.org\/wp-content\/uploads\/TRANSCENDENCIA-300x200.jpg 300w, https:\/\/comtal.org\/wp-content\/uploads\/TRANSCENDENCIA-768x512.jpg 768w, https:\/\/comtal.org\/wp-content\/uploads\/TRANSCENDENCIA-1024x683.jpg 1024w, https:\/\/comtal.org\/wp-content\/uploads\/TRANSCENDENCIA-188x125.jpg 188w\" sizes=\"auto, (max-width: 2048px) 100vw, 2048px\" \/><\/span><\/p>\n","protected":false},"excerpt":{"rendered":"<p>\u00bfQUI\u00c9NES SOMOS? La Fundaci\u00f3 Comtal es una organizaci\u00f3n no lucrativa que trabaja, desde el a\u00f1o 1994, para que los ni\u00f1os, adolescentes y j\u00f3venes en situaci\u00f3n de vulnerabilidad, as\u00ed como sus [&hellip;]<\/p>\n","protected":false},"author":2,"featured_media":2040,"parent":0,"menu_order":0,"comment_status":"closed","ping_status":"closed","template":"page-sidebar-left.php","meta":{"footnotes":""},"class_list":["post-1714","page","type-page","status-publish","has-post-thumbnail","hentry"],"_links":{"self":[{"href":"https:\/\/comtal.org\/es\/wp-json\/wp\/v2\/pages\/1714","targetHints":{"allow":["GET"]}}],"collection":[{"href":"https:\/\/comtal.org\/es\/wp-json\/wp\/v2\/pages"}],"about":[{"href":"https:\/\/comtal.org\/es\/wp-json\/wp\/v2\/types\/page"}],"author":[{"embeddable":true,"href":"https:\/\/comtal.org\/es\/wp-json\/wp\/v2\/users\/2"}],"replies":[{"embeddable":true,"href":"https:\/\/comtal.org\/es\/wp-json\/wp\/v2\/comments?post=1714"}],"version-history":[{"count":10,"href":"https:\/\/comtal.org\/es\/wp-json\/wp\/v2\/pages\/1714\/revisions"}],"predecessor-version":[{"id":26298,"href":"https:\/\/comtal.org\/es\/wp-json\/wp\/v2\/pages\/1714\/revisions\/26298"}],"wp:featuredmedia":[{"embeddable":true,"href":"https:\/\/comtal.org\/es\/wp-json\/wp\/v2\/media\/2040"}],"wp:attachment":[{"href":"https:\/\/comtal.org\/es\/wp-json\/wp\/v2\/media?parent=1714"}],"curies":[{"name":"wp","href":"https:\/\/api.w.org\/{rel}","templated":true}]}}